{"id":960,"date":"2022-08-24T10:53:31","date_gmt":"2022-08-24T08:53:31","guid":{"rendered":"https:\/\/bacasable.bigberry.fr\/?page_id=960"},"modified":"2025-03-07T15:22:15","modified_gmt":"2025-03-07T14:22:15","slug":"actualites-argenton","status":"publish","type":"page","link":"https:\/\/orgueargenton36.fr\/index.php\/atterissage\/accueil-argenton\/actualites-argenton\/","title":{"rendered":"Actualit\u00e9s (Argenton)"},"content":{"rendered":"\t\t<div data-elementor-type=\"wp-page\" data-elementor-id=\"960\" class=\"elementor elementor-960\" data-elementor-post-type=\"page\">\n\t\t\t\t\t\t<section class=\"elementor-section elementor-top-section elementor-element elementor-element-31b9276 elementor-section-boxed elementor-section-height-default elementor-section-height-default\" data-id=\"31b9276\" data-element_type=\"section\" data-settings=\"{&quot;background_background&quot;:&quot;classic&quot;}\">\n\t\t\t\t\t\t\t<div class=\"elementor-background-overlay\"><\/div>\n\t\t\t\t\t\t\t<div class=\"elementor-container elementor-column-gap-default\">\n\t\t\t\t\t<div class=\"elementor-column elementor-col-100 elementor-top-column elementor-element elementor-element-ebe439a\" data-id=\"ebe439a\" data-element_type=\"column\">\n\t\t\t<div class=\"elementor-widget-wrap elementor-element-populated\">\n\t\t\t\t\t\t<div class=\"elementor-element elementor-element-6fc5242 elementor-widget elementor-widget-spacer\" data-id=\"6fc5242\" data-element_type=\"widget\" data-widget_type=\"spacer.default\">\n\t\t\t\t<div class=\"elementor-widget-container\">\n\t\t\t\t\t\t\t<div class=\"elementor-spacer\">\n\t\t\t<div class=\"elementor-spacer-inner\"><\/div>\n\t\t<\/div>\n\t\t\t\t\t\t<\/div>\n\t\t\t\t<\/div>\n\t\t\t\t<section class=\"elementor-section elementor-inner-section elementor-element elementor-element-a6d0571 elementor-section-boxed elementor-section-height-default elementor-section-height-default\" data-id=\"a6d0571\" data-element_type=\"section\">\n\t\t\t\t\t\t<div class=\"elementor-container elementor-column-gap-default\">\n\t\t\t\t\t<div class=\"elementor-column elementor-col-100 elementor-inner-column elementor-element elementor-element-146f0ce\" data-id=\"146f0ce\" data-element_type=\"column\">\n\t\t\t<div class=\"elementor-widget-wrap elementor-element-populated\">\n\t\t\t\t\t\t<div class=\"elementor-element elementor-element-d717126 elementor-widget elementor-widget-heading\" data-id=\"d717126\" data-element_type=\"widget\" data-widget_type=\"heading.default\">\n\t\t\t\t<div class=\"elementor-widget-container\">\n\t\t\t\t\t<h1 class=\"elementor-heading-title elementor-size-default\">Actualit\u00e9s<\/h1>\t\t\t\t<\/div>\n\t\t\t\t<\/div>\n\t\t\t\t\t<\/div>\n\t\t<\/div>\n\t\t\t\t\t<\/div>\n\t\t<\/section>\n\t\t\t\t<section class=\"elementor-section elementor-inner-section elementor-element elementor-element-86931e8 elementor-section-boxed elementor-section-height-default elementor-section-height-default\" data-id=\"86931e8\" data-element_type=\"section\">\n\t\t\t\t\t\t<div class=\"elementor-container elementor-column-gap-default\">\n\t\t\t\t\t<div class=\"elementor-column elementor-col-100 elementor-inner-column elementor-element elementor-element-7c76f2a\" data-id=\"7c76f2a\" data-element_type=\"column\">\n\t\t\t<div class=\"elementor-widget-wrap elementor-element-populated\">\n\t\t\t\t\t\t<div class=\"elementor-element elementor-element-b26164b elementor-widget elementor-widget-spacer\" data-id=\"b26164b\" data-element_type=\"widget\" data-widget_type=\"spacer.default\">\n\t\t\t\t<div class=\"elementor-widget-container\">\n\t\t\t\t\t\t\t<div class=\"elementor-spacer\">\n\t\t\t<div class=\"elementor-spacer-inner\"><\/div>\n\t\t<\/div>\n\t\t\t\t\t\t<\/div>\n\t\t\t\t<\/div>\n\t\t\t\t\t<\/div>\n\t\t<\/div>\n\t\t\t\t\t<\/div>\n\t\t<\/section>\n\t\t\t\t\t<\/div>\n\t\t<\/div>\n\t\t\t\t\t<\/div>\n\t\t<\/section>\n\t\t\t\t<section class=\"elementor-section elementor-top-section elementor-element elementor-element-7100fe1 elementor-section-boxed elementor-section-height-default elementor-section-height-default\" data-id=\"7100fe1\" data-element_type=\"section\" data-settings=\"{&quot;background_background&quot;:&quot;classic&quot;}\">\n\t\t\t\t\t\t\t<div class=\"elementor-background-overlay\"><\/div>\n\t\t\t\t\t\t\t<div class=\"elementor-container elementor-column-gap-default\">\n\t\t\t\t\t<div class=\"elementor-column elementor-col-100 elementor-top-column elementor-element elementor-element-5507f39\" data-id=\"5507f39\" data-element_type=\"column\">\n\t\t\t<div class=\"elementor-widget-wrap elementor-element-populated\">\n\t\t\t\t\t\t<div class=\"elementor-element elementor-element-66757c2 elementor-widget elementor-widget-spacer\" data-id=\"66757c2\" data-element_type=\"widget\" data-widget_type=\"spacer.default\">\n\t\t\t\t<div class=\"elementor-widget-container\">\n\t\t\t\t\t\t\t<div class=\"elementor-spacer\">\n\t\t\t<div class=\"elementor-spacer-inner\"><\/div>\n\t\t<\/div>\n\t\t\t\t\t\t<\/div>\n\t\t\t\t<\/div>\n\t\t\t\t<div class=\"elementor-element elementor-element-ef79150 elementor-grid-3 elementor-grid-tablet-2 elementor-grid-mobile-1 elementor-posts--thumbnail-top elementor-widget elementor-widget-posts\" data-id=\"ef79150\" data-element_type=\"widget\" data-settings=\"{&quot;classic_columns&quot;:&quot;3&quot;,&quot;classic_columns_tablet&quot;:&quot;2&quot;,&quot;classic_columns_mobile&quot;:&quot;1&quot;,&quot;classic_row_gap&quot;:{&quot;unit&quot;:&quot;px&quot;,&quot;size&quot;:35,&quot;sizes&quot;:[]},&quot;classic_row_gap_tablet&quot;:{&quot;unit&quot;:&quot;px&quot;,&quot;size&quot;:&quot;&quot;,&quot;sizes&quot;:[]},&quot;classic_row_gap_mobile&quot;:{&quot;unit&quot;:&quot;px&quot;,&quot;size&quot;:&quot;&quot;,&quot;sizes&quot;:[]}}\" data-widget_type=\"posts.classic\">\n\t\t\t\t<div class=\"elementor-widget-container\">\n\t\t\t\t\t\t\t<div class=\"elementor-posts-container elementor-posts elementor-posts--skin-classic elementor-grid\" role=\"list\">\n\t\t\t\t<article class=\"elementor-post elementor-grid-item post-3080 post type-post status-publish format-standard hentry category-47 category-actuargenton category-ag category-non-classe\" role=\"listitem\">\n\t\t\t\t<div class=\"elementor-post__text\">\n\t\t\t\t<h4 class=\"elementor-post__title\">\n\t\t\t<a href=\"https:\/\/orgueargenton36.fr\/index.php\/2026\/04\/11\/deces-du-fondateur-et-president-de-lassociation-2016-2025\/\" >\n\t\t\t\tD\u00e9c\u00e8s du Fondateur et Pr\u00e9sident de l&rsquo;Association (2016-2025)\t\t\t<\/a>\n\t\t<\/h4>\n\t\t\t\t<div class=\"elementor-post__meta-data\">\n\t\t\t\t\t<span class=\"elementor-post-date\">\n\t\t\t11 avril 2026\t\t<\/span>\n\t\t\t\t<span class=\"elementor-post-avatar\">\n\t\t\tAucun commentaire\t\t<\/span>\n\t\t\t\t<\/div>\n\t\t\n\t\t<a class=\"elementor-post__read-more\" href=\"https:\/\/orgueargenton36.fr\/index.php\/2026\/04\/11\/deces-du-fondateur-et-president-de-lassociation-2016-2025\/\" aria-label=\"En savoir plus sur D\u00e9c\u00e8s du Fondateur et Pr\u00e9sident de l&rsquo;Association (2016-2025)\" tabindex=\"-1\" >\n\t\t\tLire la suite \u00bb\t\t<\/a>\n\n\t\t\t\t<\/div>\n\t\t\t\t<\/article>\n\t\t\t\t<article class=\"elementor-post elementor-grid-item post-3013 post type-post status-publish format-standard has-post-thumbnail hentry category-47 category-actuargenton category-concerts\" role=\"listitem\">\n\t\t\t\t<a class=\"elementor-post__thumbnail__link\" href=\"https:\/\/orgueargenton36.fr\/index.php\/2026\/02\/13\/en-2026-les-amis-de-lorgue-fetent-leurs-10-ans-avec-un-programme-riche\/\" tabindex=\"-1\" >\n\t\t\t<div class=\"elementor-post__thumbnail\"><img fetchpriority=\"high\" decoding=\"async\" width=\"800\" height=\"495\" src=\"https:\/\/orgueargenton36.fr\/wp-content\/uploads\/2026\/01\/Les-10-ans-e1771252667945.png\" class=\"attachment-large size-large wp-image-2939\" alt=\"\" srcset=\"https:\/\/orgueargenton36.fr\/wp-content\/uploads\/2026\/01\/Les-10-ans-e1771252667945.png 872w, https:\/\/orgueargenton36.fr\/wp-content\/uploads\/2026\/01\/Les-10-ans-e1771252667945-300x186.png 300w, https:\/\/orgueargenton36.fr\/wp-content\/uploads\/2026\/01\/Les-10-ans-e1771252667945-768x476.png 768w\" sizes=\"(max-width: 800px) 100vw, 800px\" \/><\/div>\n\t\t<\/a>\n\t\t\t\t<div class=\"elementor-post__text\">\n\t\t\t\t<h4 class=\"elementor-post__title\">\n\t\t\t<a href=\"https:\/\/orgueargenton36.fr\/index.php\/2026\/02\/13\/en-2026-les-amis-de-lorgue-fetent-leurs-10-ans-avec-un-programme-riche\/\" >\n\t\t\t\tEn 2026, les Amis de l&rsquo;Orgue f\u00eatent leurs 10 ans   avec un programme riche :\t\t\t<\/a>\n\t\t<\/h4>\n\t\t\t\t<div class=\"elementor-post__meta-data\">\n\t\t\t\t\t<span class=\"elementor-post-date\">\n\t\t\t13 f\u00e9vrier 2026\t\t<\/span>\n\t\t\t\t<span class=\"elementor-post-avatar\">\n\t\t\tAucun commentaire\t\t<\/span>\n\t\t\t\t<\/div>\n\t\t\n\t\t<a class=\"elementor-post__read-more\" href=\"https:\/\/orgueargenton36.fr\/index.php\/2026\/02\/13\/en-2026-les-amis-de-lorgue-fetent-leurs-10-ans-avec-un-programme-riche\/\" aria-label=\"En savoir plus sur En 2026, les Amis de l&rsquo;Orgue f\u00eatent leurs 10 ans   avec un programme riche :\" tabindex=\"-1\" >\n\t\t\tLire la suite \u00bb\t\t<\/a>\n\n\t\t\t\t<\/div>\n\t\t\t\t<\/article>\n\t\t\t\t<article class=\"elementor-post elementor-grid-item post-2938 post type-post status-publish format-standard has-post-thumbnail hentry category-actuargenton category-argenton category-non-classe\" role=\"listitem\">\n\t\t\t\t<a class=\"elementor-post__thumbnail__link\" href=\"https:\/\/orgueargenton36.fr\/index.php\/2026\/01\/02\/meilleurs-voeux-a-tous\/\" tabindex=\"-1\" >\n\t\t\t<div class=\"elementor-post__thumbnail\"><img decoding=\"async\" width=\"800\" height=\"450\" src=\"https:\/\/orgueargenton36.fr\/wp-content\/uploads\/2026\/01\/VOEUX-Les-Amis-de-lorgue-dArgenton-sur-Creuse.pptx-Google-Slides_page-0001-1-1024x576.jpg\" class=\"attachment-large size-large wp-image-2948\" alt=\"\" srcset=\"https:\/\/orgueargenton36.fr\/wp-content\/uploads\/2026\/01\/VOEUX-Les-Amis-de-lorgue-dArgenton-sur-Creuse.pptx-Google-Slides_page-0001-1-1024x576.jpg 1024w, https:\/\/orgueargenton36.fr\/wp-content\/uploads\/2026\/01\/VOEUX-Les-Amis-de-lorgue-dArgenton-sur-Creuse.pptx-Google-Slides_page-0001-1-300x169.jpg 300w, https:\/\/orgueargenton36.fr\/wp-content\/uploads\/2026\/01\/VOEUX-Les-Amis-de-lorgue-dArgenton-sur-Creuse.pptx-Google-Slides_page-0001-1-768x432.jpg 768w, https:\/\/orgueargenton36.fr\/wp-content\/uploads\/2026\/01\/VOEUX-Les-Amis-de-lorgue-dArgenton-sur-Creuse.pptx-Google-Slides_page-0001-1-1536x864.jpg 1536w, https:\/\/orgueargenton36.fr\/wp-content\/uploads\/2026\/01\/VOEUX-Les-Amis-de-lorgue-dArgenton-sur-Creuse.pptx-Google-Slides_page-0001-1.jpg 2000w\" sizes=\"(max-width: 800px) 100vw, 800px\" \/><\/div>\n\t\t<\/a>\n\t\t\t\t<div class=\"elementor-post__text\">\n\t\t\t\t<h4 class=\"elementor-post__title\">\n\t\t\t<a href=\"https:\/\/orgueargenton36.fr\/index.php\/2026\/01\/02\/meilleurs-voeux-a-tous\/\" >\n\t\t\t\tMeilleurs v\u0153ux \u00e0 tous\t\t\t<\/a>\n\t\t<\/h4>\n\t\t\t\t<div class=\"elementor-post__meta-data\">\n\t\t\t\t\t<span class=\"elementor-post-date\">\n\t\t\t2 janvier 2026\t\t<\/span>\n\t\t\t\t<span class=\"elementor-post-avatar\">\n\t\t\tAucun commentaire\t\t<\/span>\n\t\t\t\t<\/div>\n\t\t\n\t\t<a class=\"elementor-post__read-more\" href=\"https:\/\/orgueargenton36.fr\/index.php\/2026\/01\/02\/meilleurs-voeux-a-tous\/\" aria-label=\"En savoir plus sur Meilleurs v\u0153ux \u00e0 tous\" tabindex=\"-1\" >\n\t\t\tLire la suite \u00bb\t\t<\/a>\n\n\t\t\t\t<\/div>\n\t\t\t\t<\/article>\n\t\t\t\t<article class=\"elementor-post elementor-grid-item post-2930 post type-post status-publish format-standard has-post-thumbnail hentry category-46 category-actuargenton category-concerts category-non-classe\" role=\"listitem\">\n\t\t\t\t<a class=\"elementor-post__thumbnail__link\" href=\"https:\/\/orgueargenton36.fr\/index.php\/2025\/12\/09\/retour-sur-le-concert-duo-orgue-saxophone-du-7-decembre-2025\/\" tabindex=\"-1\" >\n\t\t\t<div class=\"elementor-post__thumbnail\"><img decoding=\"async\" width=\"769\" height=\"1024\" src=\"https:\/\/orgueargenton36.fr\/wp-content\/uploads\/2025\/12\/PXL_20251207_143930571-769x1024.jpg\" class=\"attachment-large size-large wp-image-2934\" alt=\"\" srcset=\"https:\/\/orgueargenton36.fr\/wp-content\/uploads\/2025\/12\/PXL_20251207_143930571-769x1024.jpg 769w, https:\/\/orgueargenton36.fr\/wp-content\/uploads\/2025\/12\/PXL_20251207_143930571-225x300.jpg 225w, https:\/\/orgueargenton36.fr\/wp-content\/uploads\/2025\/12\/PXL_20251207_143930571-768x1023.jpg 768w, https:\/\/orgueargenton36.fr\/wp-content\/uploads\/2025\/12\/PXL_20251207_143930571-1153x1536.jpg 1153w, https:\/\/orgueargenton36.fr\/wp-content\/uploads\/2025\/12\/PXL_20251207_143930571-1538x2048.jpg 1538w, https:\/\/orgueargenton36.fr\/wp-content\/uploads\/2025\/12\/PXL_20251207_143930571-scaled.jpg 1922w\" sizes=\"(max-width: 769px) 100vw, 769px\" \/><\/div>\n\t\t<\/a>\n\t\t\t\t<div class=\"elementor-post__text\">\n\t\t\t\t<h4 class=\"elementor-post__title\">\n\t\t\t<a href=\"https:\/\/orgueargenton36.fr\/index.php\/2025\/12\/09\/retour-sur-le-concert-duo-orgue-saxophone-du-7-decembre-2025\/\" >\n\t\t\t\tRetour sur le Concert Duo Orgue Saxophone du 7 d\u00e9cembre 2025\t\t\t<\/a>\n\t\t<\/h4>\n\t\t\t\t<div class=\"elementor-post__meta-data\">\n\t\t\t\t\t<span class=\"elementor-post-date\">\n\t\t\t9 d\u00e9cembre 2025\t\t<\/span>\n\t\t\t\t<span class=\"elementor-post-avatar\">\n\t\t\tAucun commentaire\t\t<\/span>\n\t\t\t\t<\/div>\n\t\t\n\t\t<a class=\"elementor-post__read-more\" href=\"https:\/\/orgueargenton36.fr\/index.php\/2025\/12\/09\/retour-sur-le-concert-duo-orgue-saxophone-du-7-decembre-2025\/\" aria-label=\"En savoir plus sur Retour sur le Concert Duo Orgue Saxophone du 7 d\u00e9cembre 2025\" tabindex=\"-1\" >\n\t\t\tLire la suite \u00bb\t\t<\/a>\n\n\t\t\t\t<\/div>\n\t\t\t\t<\/article>\n\t\t\t\t<article class=\"elementor-post elementor-grid-item post-2922 post type-post status-publish format-standard hentry category-46 category-actuargenton category-concerts\" role=\"listitem\">\n\t\t\t\t<div class=\"elementor-post__text\">\n\t\t\t\t<h4 class=\"elementor-post__title\">\n\t\t\t<a href=\"https:\/\/orgueargenton36.fr\/index.php\/2025\/11\/21\/concert-de-noel-orgue-et-saxophone-7-decembre-2025\/\" >\n\t\t\t\tConcert de No\u00ebl Orgue et Saxophone 7 d\u00e9cembre 2025\t\t\t<\/a>\n\t\t<\/h4>\n\t\t\t\t<div class=\"elementor-post__meta-data\">\n\t\t\t\t\t<span class=\"elementor-post-date\">\n\t\t\t21 novembre 2025\t\t<\/span>\n\t\t\t\t<span class=\"elementor-post-avatar\">\n\t\t\tAucun commentaire\t\t<\/span>\n\t\t\t\t<\/div>\n\t\t\n\t\t<a class=\"elementor-post__read-more\" href=\"https:\/\/orgueargenton36.fr\/index.php\/2025\/11\/21\/concert-de-noel-orgue-et-saxophone-7-decembre-2025\/\" aria-label=\"En savoir plus sur Concert de No\u00ebl Orgue et Saxophone 7 d\u00e9cembre 2025\" tabindex=\"-1\" >\n\t\t\tLire la suite \u00bb\t\t<\/a>\n\n\t\t\t\t<\/div>\n\t\t\t\t<\/article>\n\t\t\t\t<article class=\"elementor-post elementor-grid-item post-2915 post type-post status-publish format-standard has-post-thumbnail hentry category-46 category-actuargenton category-concerts category-non-classe\" role=\"listitem\">\n\t\t\t\t<a class=\"elementor-post__thumbnail__link\" href=\"https:\/\/orgueargenton36.fr\/index.php\/2025\/10\/16\/un-concert-exceptionnel-ce-samedi-11-octobre-2025\/\" tabindex=\"-1\" >\n\t\t\t<div class=\"elementor-post__thumbnail\"><img loading=\"lazy\" decoding=\"async\" width=\"800\" height=\"601\" src=\"https:\/\/orgueargenton36.fr\/wp-content\/uploads\/2025\/10\/PXL_20251011_193028842.MP_-1024x769.jpg\" class=\"attachment-large size-large wp-image-2916\" alt=\"\" srcset=\"https:\/\/orgueargenton36.fr\/wp-content\/uploads\/2025\/10\/PXL_20251011_193028842.MP_-1024x769.jpg 1024w, https:\/\/orgueargenton36.fr\/wp-content\/uploads\/2025\/10\/PXL_20251011_193028842.MP_-300x225.jpg 300w, https:\/\/orgueargenton36.fr\/wp-content\/uploads\/2025\/10\/PXL_20251011_193028842.MP_-768x577.jpg 768w, https:\/\/orgueargenton36.fr\/wp-content\/uploads\/2025\/10\/PXL_20251011_193028842.MP_-1536x1153.jpg 1536w, https:\/\/orgueargenton36.fr\/wp-content\/uploads\/2025\/10\/PXL_20251011_193028842.MP_-2048x1538.jpg 2048w\" sizes=\"(max-width: 800px) 100vw, 800px\" \/><\/div>\n\t\t<\/a>\n\t\t\t\t<div class=\"elementor-post__text\">\n\t\t\t\t<h4 class=\"elementor-post__title\">\n\t\t\t<a href=\"https:\/\/orgueargenton36.fr\/index.php\/2025\/10\/16\/un-concert-exceptionnel-ce-samedi-11-octobre-2025\/\" >\n\t\t\t\tUn concert exceptionnel ce samedi 11 octobre 2025\t\t\t<\/a>\n\t\t<\/h4>\n\t\t\t\t<div class=\"elementor-post__meta-data\">\n\t\t\t\t\t<span class=\"elementor-post-date\">\n\t\t\t16 octobre 2025\t\t<\/span>\n\t\t\t\t<span class=\"elementor-post-avatar\">\n\t\t\tAucun commentaire\t\t<\/span>\n\t\t\t\t<\/div>\n\t\t\n\t\t<a class=\"elementor-post__read-more\" href=\"https:\/\/orgueargenton36.fr\/index.php\/2025\/10\/16\/un-concert-exceptionnel-ce-samedi-11-octobre-2025\/\" aria-label=\"En savoir plus sur Un concert exceptionnel ce samedi 11 octobre 2025\" tabindex=\"-1\" >\n\t\t\tLire la suite \u00bb\t\t<\/a>\n\n\t\t\t\t<\/div>\n\t\t\t\t<\/article>\n\t\t\t\t<\/div>\n\t\t\n\t\t\t\t\t\t<\/div>\n\t\t\t\t<\/div>\n\t\t\t\t\t<\/div>\n\t\t<\/div>\n\t\t\t\t\t<\/div>\n\t\t<\/section>\n\t\t\t\t<\/div>\n\t\t","protected":false},"excerpt":{"rendered":"<p>Actualit\u00e9s<\/p>\n","protected":false},"author":1,"featured_media":0,"parent":952,"menu_order":4,"comment_status":"closed","ping_status":"closed","template":"elementor_header_footer","meta":{"footnotes":""},"class_list":["post-960","page","type-page","status-publish","hentry"],"yoast_head":"<!-- This site is optimized with the Yoast SEO plugin v26.6 - https:\/\/yoast.com\/wordpress\/plugins\/seo\/ -->\n<title>Actualit\u00e9s (Argenton) - Les amis de l&#039;orgue d&#039;Argenton-sur-Creuse<\/title>\n<meta name=\"robots\" content=\"index, follow, max-snippet:-1, max-image-preview:large, max-video-preview:-1\" \/>\n<link rel=\"canonical\" href=\"https:\/\/orgueargenton36.fr\/index.php\/atterissage\/accueil-argenton\/actualites-argenton\/\" \/>\n<meta property=\"og:locale\" content=\"fr_FR\" \/>\n<meta property=\"og:type\" content=\"article\" \/>\n<meta property=\"og:title\" content=\"Actualit\u00e9s (Argenton) - Les amis de l&#039;orgue d&#039;Argenton-sur-Creuse\" \/>\n<meta property=\"og:description\" content=\"Actualit\u00e9s\" \/>\n<meta property=\"og:url\" content=\"https:\/\/orgueargenton36.fr\/index.php\/atterissage\/accueil-argenton\/actualites-argenton\/\" \/>\n<meta property=\"og:site_name\" content=\"Les amis de l&#039;orgue d&#039;Argenton-sur-Creuse\" \/>\n<meta property=\"article:modified_time\" content=\"2025-03-07T14:22:15+00:00\" \/>\n<meta name=\"twitter:card\" content=\"summary_large_image\" \/>\n<meta name=\"twitter:label1\" content=\"Dur\u00e9e de lecture estim\u00e9e\" \/>\n\t<meta name=\"twitter:data1\" content=\"1 minute\" \/>\n<script type=\"application\/ld+json\" class=\"yoast-schema-graph\">{\"@context\":\"https:\/\/schema.org\",\"@graph\":[{\"@type\":\"WebPage\",\"@id\":\"https:\/\/orgueargenton36.fr\/index.php\/atterissage\/accueil-argenton\/actualites-argenton\/\",\"url\":\"https:\/\/orgueargenton36.fr\/index.php\/atterissage\/accueil-argenton\/actualites-argenton\/\",\"name\":\"Actualit\u00e9s (Argenton) - Les amis de l&#039;orgue d&#039;Argenton-sur-Creuse\",\"isPartOf\":{\"@id\":\"https:\/\/orgueargenton36.fr\/#website\"},\"datePublished\":\"2022-08-24T08:53:31+00:00\",\"dateModified\":\"2025-03-07T14:22:15+00:00\",\"breadcrumb\":{\"@id\":\"https:\/\/orgueargenton36.fr\/index.php\/atterissage\/accueil-argenton\/actualites-argenton\/#breadcrumb\"},\"inLanguage\":\"fr-FR\",\"potentialAction\":[{\"@type\":\"ReadAction\",\"target\":[\"https:\/\/orgueargenton36.fr\/index.php\/atterissage\/accueil-argenton\/actualites-argenton\/\"]}]},{\"@type\":\"BreadcrumbList\",\"@id\":\"https:\/\/orgueargenton36.fr\/index.php\/atterissage\/accueil-argenton\/actualites-argenton\/#breadcrumb\",\"itemListElement\":[{\"@type\":\"ListItem\",\"position\":1,\"name\":\"Accueil\",\"item\":\"https:\/\/orgueargenton36.fr\/\"},{\"@type\":\"ListItem\",\"position\":2,\"name\":\"Atterissage\",\"item\":\"https:\/\/orgueargenton36.fr\/index.php\/atterissage\/\"},{\"@type\":\"ListItem\",\"position\":3,\"name\":\"Accueil (Argenton)\",\"item\":\"https:\/\/orgueargenton36.fr\/\"},{\"@type\":\"ListItem\",\"position\":4,\"name\":\"Actualit\u00e9s (Argenton)\"}]},{\"@type\":\"WebSite\",\"@id\":\"https:\/\/orgueargenton36.fr\/#website\",\"url\":\"https:\/\/orgueargenton36.fr\/\",\"name\":\"Les amis de l&#039;orgue d&#039;Argenton-sur-Creuse\",\"description\":\"Association\",\"potentialAction\":[{\"@type\":\"SearchAction\",\"target\":{\"@type\":\"EntryPoint\",\"urlTemplate\":\"https:\/\/orgueargenton36.fr\/?s={search_term_string}\"},\"query-input\":{\"@type\":\"PropertyValueSpecification\",\"valueRequired\":true,\"valueName\":\"search_term_string\"}}],\"inLanguage\":\"fr-FR\"}]}<\/script>\n<!-- \/ Yoast SEO plugin. -->","yoast_head_json":{"title":"Actualit\u00e9s (Argenton) - Les amis de l&#039;orgue d&#039;Argenton-sur-Creuse","robots":{"index":"index","follow":"follow","max-snippet":"max-snippet:-1","max-image-preview":"max-image-preview:large","max-video-preview":"max-video-preview:-1"},"canonical":"https:\/\/orgueargenton36.fr\/index.php\/atterissage\/accueil-argenton\/actualites-argenton\/","og_locale":"fr_FR","og_type":"article","og_title":"Actualit\u00e9s (Argenton) - Les amis de l&#039;orgue d&#039;Argenton-sur-Creuse","og_description":"Actualit\u00e9s","og_url":"https:\/\/orgueargenton36.fr\/index.php\/atterissage\/accueil-argenton\/actualites-argenton\/","og_site_name":"Les amis de l&#039;orgue d&#039;Argenton-sur-Creuse","article_modified_time":"2025-03-07T14:22:15+00:00","twitter_card":"summary_large_image","twitter_misc":{"Dur\u00e9e de lecture estim\u00e9e":"1 minute"},"schema":{"@context":"https:\/\/schema.org","@graph":[{"@type":"WebPage","@id":"https:\/\/orgueargenton36.fr\/index.php\/atterissage\/accueil-argenton\/actualites-argenton\/","url":"https:\/\/orgueargenton36.fr\/index.php\/atterissage\/accueil-argenton\/actualites-argenton\/","name":"Actualit\u00e9s (Argenton) - Les amis de l&#039;orgue d&#039;Argenton-sur-Creuse","isPartOf":{"@id":"https:\/\/orgueargenton36.fr\/#website"},"datePublished":"2022-08-24T08:53:31+00:00","dateModified":"2025-03-07T14:22:15+00:00","breadcrumb":{"@id":"https:\/\/orgueargenton36.fr\/index.php\/atterissage\/accueil-argenton\/actualites-argenton\/#breadcrumb"},"inLanguage":"fr-FR","potentialAction":[{"@type":"ReadAction","target":["https:\/\/orgueargenton36.fr\/index.php\/atterissage\/accueil-argenton\/actualites-argenton\/"]}]},{"@type":"BreadcrumbList","@id":"https:\/\/orgueargenton36.fr\/index.php\/atterissage\/accueil-argenton\/actualites-argenton\/#breadcrumb","itemListElement":[{"@type":"ListItem","position":1,"name":"Accueil","item":"https:\/\/orgueargenton36.fr\/"},{"@type":"ListItem","position":2,"name":"Atterissage","item":"https:\/\/orgueargenton36.fr\/index.php\/atterissage\/"},{"@type":"ListItem","position":3,"name":"Accueil (Argenton)","item":"https:\/\/orgueargenton36.fr\/"},{"@type":"ListItem","position":4,"name":"Actualit\u00e9s (Argenton)"}]},{"@type":"WebSite","@id":"https:\/\/orgueargenton36.fr\/#website","url":"https:\/\/orgueargenton36.fr\/","name":"Les amis de l&#039;orgue d&#039;Argenton-sur-Creuse","description":"Association","potentialAction":[{"@type":"SearchAction","target":{"@type":"EntryPoint","urlTemplate":"https:\/\/orgueargenton36.fr\/?s={search_term_string}"},"query-input":{"@type":"PropertyValueSpecification","valueRequired":true,"valueName":"search_term_string"}}],"inLanguage":"fr-FR"}]}},"_links":{"self":[{"href":"https:\/\/orgueargenton36.fr\/index.php\/wp-json\/wp\/v2\/pages\/960","targetHints":{"allow":["GET"]}}],"collection":[{"href":"https:\/\/orgueargenton36.fr\/index.php\/wp-json\/wp\/v2\/pages"}],"about":[{"href":"https:\/\/orgueargenton36.fr\/index.php\/wp-json\/wp\/v2\/types\/page"}],"author":[{"embeddable":true,"href":"https:\/\/orgueargenton36.fr\/index.php\/wp-json\/wp\/v2\/users\/1"}],"replies":[{"embeddable":true,"href":"https:\/\/orgueargenton36.fr\/index.php\/wp-json\/wp\/v2\/comments?post=960"}],"version-history":[{"count":37,"href":"https:\/\/orgueargenton36.fr\/index.php\/wp-json\/wp\/v2\/pages\/960\/revisions"}],"predecessor-version":[{"id":2855,"href":"https:\/\/orgueargenton36.fr\/index.php\/wp-json\/wp\/v2\/pages\/960\/revisions\/2855"}],"up":[{"embeddable":true,"href":"https:\/\/orgueargenton36.fr\/index.php\/wp-json\/wp\/v2\/pages\/952"}],"wp:attachment":[{"href":"https:\/\/orgueargenton36.fr\/index.php\/wp-json\/wp\/v2\/media?parent=960"}],"curies":[{"name":"wp","href":"https:\/\/api.w.org\/{rel}","templated":true}]}}